{"id":56,"date":"2015-12-13T16:42:43","date_gmt":"2015-12-13T15:42:43","guid":{"rendered":"http:\/\/www.wtkanzlei-nairz.com\/?page_id=56"},"modified":"2017-06-30T10:51:16","modified_gmt":"2017-06-30T08:51:16","slug":"kanzlei","status":"publish","type":"page","link":"http:\/\/www.wtkanzlei-nairz.com\/index.php\/kanzlei\/","title":{"rendered":"Die Kanzlei"},"content":{"rendered":"<p>[et_pb_section bb_built=&#8220;1&#8243; admin_label=&#8220;section&#8220;][et_pb_row admin_label=&#8220;row&#8220; background_position=&#8220;top_left&#8220; background_repeat=&#8220;repeat&#8220; background_size=&#8220;initial&#8220;][et_pb_column type=&#8220;1_2&#8243;][et_pb_text background_layout=&#8220;light&#8220; text_orientation=&#8220;left&#8220; use_border_color=&#8220;off&#8220; border_color=&#8220;#ffffff&#8220; border_style=&#8220;solid&#8220; background_position=&#8220;top_left&#8220; background_repeat=&#8220;repeat&#8220; background_size=&#8220;initial&#8220;]<\/p>\n<p>\u00d6sterreich hat eine der h\u00f6chsten Steuerbelastungen\u00a0innerhalb der Europ\u00e4ischen Union. Mein Team und ich\u00a0verhelfen Ihnen\u00a0zur minimalsten m\u00f6glichen Steuerbelastung und gr\u00f6sstm\u00f6glichen Gewinnmaximierung.<\/p>\n<p>Ich lege h\u00f6chsten Wert darauf, dass mit den Klienten ein enger Sprechkontakt gepflogen wird, nicht nur einmal w\u00e4hrend des Jahres anl\u00e4sslich der Bilanzbesprechung.<\/p>\n<p>Ergebnisbesprechungen w\u00e4hrend des Jahres sind Standard.<\/p>\n<div><\/div>\n<p>[\/et_pb_text][\/et_pb_column][et_pb_column type=&#8220;1_2&#8243;][et_pb_image show_in_lightbox=&#8220;off&#8220; url_new_window=&#8220;off&#8220; sticky=&#8220;off&#8220; align=&#8220;left&#8220; force_fullwidth=&#8220;off&#8220; always_center_on_mobile=&#8220;on&#8220; border_style=&#8220;solid&#8220; _builder_version=&#8220;3.0.53&#8243; src=&#8220;http:\/\/www.wtkanzlei-nairz.com\/wp-content\/uploads\/2015\/12\/die-kanzlei.jpg&#8220; use_overlay=&#8220;off&#8220; \/][\/et_pb_column][\/et_pb_row][et_pb_row background_position=&#8220;top_left&#8220; background_repeat=&#8220;repeat&#8220; background_size=&#8220;initial&#8220;][et_pb_column type=&#8220;4_4&#8243;][et_pb_text background_layout=&#8220;light&#8220; text_orientation=&#8220;left&#8220; use_border_color=&#8220;off&#8220; border_color=&#8220;#ffffff&#8220; border_style=&#8220;solid&#8220; background_position=&#8220;top_left&#8220; background_repeat=&#8220;repeat&#8220; background_size=&#8220;initial&#8220;]<\/p>\n<div>\n<p>Das faszinierende an Steuern ist, dass immer wieder neue erfunden werden, obwohl die Leute schon die alten nicht zahlen wollen.<\/p>\n<p>Ich helfe Ihnen weniger Steuern zu zahlen:<\/p>\n<\/div>\n<div>mit viel Erfahrung<\/div>\n<div>mit viel know how<\/div>\n<div>mit absoluter Verschwiegenheit<\/div>\n<div>und mit dem Ziel, Ihr Geldleben und Ihre Wirtschaftlichkeit zu optimieren.<\/div>\n<p>[\/et_pb_text][et_pb_cta admin_label=&#8220;Call To Action&#8220; title=&#8220;Jetzt kostenloses Gespr\u00e4ch vereinbaren&#8220; button_url=&#8220;http:\/\/www.wtkanzlei-nairz.com\/index.php\/kontakt-mit-mir\/&#8220; button_text=&#8220;Kontakt&#8220; background_color=&#8220;#dd6363&#8243; use_background_color=&#8220;on&#8220; background_layout=&#8220;dark&#8220; text_orientation=&#8220;center&#8220; url_new_window=&#8220;off&#8220; header_font_size=&#8220;26&#8243; body_font_size=&#8220;14&#8243; use_border_color=&#8220;off&#8220; border_color=&#8220;#ffffff&#8220; border_style=&#8220;solid&#8220; custom_button=&#8220;off&#8220; button_text_size=&#8220;20&#8243; button_border_width=&#8220;2&#8243; button_border_radius=&#8220;3&#8243; button_letter_spacing=&#8220;0&#8243; button_use_icon=&#8220;default&#8220; button_icon_placement=&#8220;right&#8220; button_on_hover=&#8220;on&#8220; button_border_radius_hover=&#8220;3&#8243; button_letter_spacing_hover=&#8220;0&#8243; saved_tabs=&#8220;all&#8220; background_position=&#8220;top_left&#8220; background_repeat=&#8220;repeat&#8220; background_size=&#8220;initial&#8220; \/][\/et_pb_column][\/et_pb_row][\/et_pb_section]<\/p>\n","protected":false},"excerpt":{"rendered":"<p>[et_pb_section bb_built=&#8220;1&#8243; admin_label=&#8220;section&#8220;][et_pb_row admin_label=&#8220;row&#8220; background_position=&#8220;top_left&#8220; background_repeat=&#8220;repeat&#8220; background_size=&#8220;initial&#8220;][et_pb_column type=&#8220;1_2&#8243;][et_pb_text background_layout=&#8220;light&#8220; text_orientation=&#8220;left&#8220; use_border_color=&#8220;off&#8220; border_color=&#8220;#ffffff&#8220; border_style=&#8220;solid&#8220; background_position=&#8220;top_left&#8220; background_repeat=&#8220;repeat&#8220; background_size=&#8220;initial&#8220;] \u00d6sterreich hat eine der h\u00f6chsten Steuerbelastungen\u00a0innerhalb der Europ\u00e4ischen Union. Mein Team und ich\u00a0verhelfen Ihnen\u00a0zur minimalsten m\u00f6glichen Steuerbelastung und gr\u00f6sstm\u00f6glichen Gewinnmaximierung. Ich lege h\u00f6chsten Wert darauf, dass mit den Klienten ein enger Sprechkontakt gepflogen wird, nicht nur einmal w\u00e4hrend des [&hellip;]<\/p>\n","protected":false},"author":1,"featured_media":0,"parent":0,"menu_order":0,"comment_status":"closed","ping_status":"closed","template":"","meta":{"_et_pb_use_builder":"on","_et_pb_old_content":"","_et_gb_content_width":""},"yoast_head":"<!-- This site is optimized with the Yoast SEO plugin v15.8 - https:\/\/yoast.com\/wordpress\/plugins\/seo\/ -->\n<title>Die Kanzlei - Wirtschaftstreuhandkanzlei Nairz<\/title>\n<meta name=\"robots\" content=\"index, follow, max-snippet:-1, max-image-preview:large, max-video-preview:-1\" \/>\n<link rel=\"canonical\" href=\"http:\/\/www.wtkanzlei-nairz.com\/index.php\/kanzlei\/\" \/>\n<meta property=\"og:locale\" content=\"de_DE\" \/>\n<meta property=\"og:type\" content=\"article\" \/>\n<meta property=\"og:title\" content=\"Die Kanzlei - Wirtschaftstreuhandkanzlei Nairz\" \/>\n<meta property=\"og:description\" content=\"[et_pb_section bb_built=&#8220;1&#8243; admin_label=&#8220;section&#8220;][et_pb_row admin_label=&#8220;row&#8220; background_position=&#8220;top_left&#8220; background_repeat=&#8220;repeat&#8220; background_size=&#8220;initial&#8220;][et_pb_column type=&#8220;1_2&#8243;][et_pb_text background_layout=&#8220;light&#8220; text_orientation=&#8220;left&#8220; use_border_color=&#8220;off&#8220; border_color=&#8220;#ffffff&#8220; border_style=&#8220;solid&#8220; background_position=&#8220;top_left&#8220; background_repeat=&#8220;repeat&#8220; background_size=&#8220;initial&#8220;] \u00d6sterreich hat eine der h\u00f6chsten Steuerbelastungen\u00a0innerhalb der Europ\u00e4ischen Union. Mein Team und ich\u00a0verhelfen Ihnen\u00a0zur minimalsten m\u00f6glichen Steuerbelastung und gr\u00f6sstm\u00f6glichen Gewinnmaximierung. Ich lege h\u00f6chsten Wert darauf, dass mit den Klienten ein enger Sprechkontakt gepflogen wird, nicht nur einmal w\u00e4hrend des [&hellip;]\" \/>\n<meta property=\"og:url\" content=\"http:\/\/www.wtkanzlei-nairz.com\/index.php\/kanzlei\/\" \/>\n<meta property=\"og:site_name\" content=\"Wirtschaftstreuhandkanzlei Nairz\" \/>\n<meta property=\"article:modified_time\" content=\"2017-06-30T08:51:16+00:00\" \/>\n<meta name=\"twitter:card\" content=\"summary\" \/>\n<meta name=\"twitter:label1\" content=\"Gesch\u00e4tzte Lesezeit\">\n\t<meta name=\"twitter:data1\" content=\"2\u00a0Minuten\">\n<script type=\"application\/ld+json\" class=\"yoast-schema-graph\">{\"@context\":\"https:\/\/schema.org\",\"@graph\":[{\"@type\":\"WebSite\",\"@id\":\"http:\/\/www.wtkanzlei-nairz.com\/#website\",\"url\":\"http:\/\/www.wtkanzlei-nairz.com\/\",\"name\":\"Wirtschaftstreuhandkanzlei Nairz\",\"description\":\"Innsbruck, Tirol\",\"potentialAction\":[{\"@type\":\"SearchAction\",\"target\":\"http:\/\/www.wtkanzlei-nairz.com\/?s={search_term_string}\",\"query-input\":\"required name=search_term_string\"}],\"inLanguage\":\"de\"},{\"@type\":\"WebPage\",\"@id\":\"http:\/\/www.wtkanzlei-nairz.com\/index.php\/kanzlei\/#webpage\",\"url\":\"http:\/\/www.wtkanzlei-nairz.com\/index.php\/kanzlei\/\",\"name\":\"Die Kanzlei - Wirtschaftstreuhandkanzlei Nairz\",\"isPartOf\":{\"@id\":\"http:\/\/www.wtkanzlei-nairz.com\/#website\"},\"datePublished\":\"2015-12-13T15:42:43+00:00\",\"dateModified\":\"2017-06-30T08:51:16+00:00\",\"breadcrumb\":{\"@id\":\"http:\/\/www.wtkanzlei-nairz.com\/index.php\/kanzlei\/#breadcrumb\"},\"inLanguage\":\"de\",\"potentialAction\":[{\"@type\":\"ReadAction\",\"target\":[\"http:\/\/www.wtkanzlei-nairz.com\/index.php\/kanzlei\/\"]}]},{\"@type\":\"BreadcrumbList\",\"@id\":\"http:\/\/www.wtkanzlei-nairz.com\/index.php\/kanzlei\/#breadcrumb\",\"itemListElement\":[{\"@type\":\"ListItem\",\"position\":1,\"item\":{\"@type\":\"WebPage\",\"@id\":\"http:\/\/www.wtkanzlei-nairz.com\/\",\"url\":\"http:\/\/www.wtkanzlei-nairz.com\/\",\"name\":\"Home\"}},{\"@type\":\"ListItem\",\"position\":2,\"item\":{\"@type\":\"WebPage\",\"@id\":\"http:\/\/www.wtkanzlei-nairz.com\/index.php\/kanzlei\/\",\"url\":\"http:\/\/www.wtkanzlei-nairz.com\/index.php\/kanzlei\/\",\"name\":\"Die Kanzlei\"}}]}]}<\/script>\n<!-- \/ Yoast SEO plugin. -->","_links":{"self":[{"href":"http:\/\/www.wtkanzlei-nairz.com\/index.php\/wp-json\/wp\/v2\/pages\/56"}],"collection":[{"href":"http:\/\/www.wtkanzlei-nairz.com\/index.php\/wp-json\/wp\/v2\/pages"}],"about":[{"href":"http:\/\/www.wtkanzlei-nairz.com\/index.php\/wp-json\/wp\/v2\/types\/page"}],"author":[{"embeddable":true,"href":"http:\/\/www.wtkanzlei-nairz.com\/index.php\/wp-json\/wp\/v2\/users\/1"}],"replies":[{"embeddable":true,"href":"http:\/\/www.wtkanzlei-nairz.com\/index.php\/wp-json\/wp\/v2\/comments?post=56"}],"version-history":[{"count":7,"href":"http:\/\/www.wtkanzlei-nairz.com\/index.php\/wp-json\/wp\/v2\/pages\/56\/revisions"}],"predecessor-version":[{"id":159,"href":"http:\/\/www.wtkanzlei-nairz.com\/index.php\/wp-json\/wp\/v2\/pages\/56\/revisions\/159"}],"wp:attachment":[{"href":"http:\/\/www.wtkanzlei-nairz.com\/index.php\/wp-json\/wp\/v2\/media?parent=56"}],"curies":[{"name":"wp","href":"https:\/\/api.w.org\/{rel}","templated":true}]}}